{"id":12,"date":"2025-01-21T13:26:29","date_gmt":"2025-01-21T13:26:29","guid":{"rendered":"https:\/\/przychodnianr4.centrum.med.pl\/?page_id=12"},"modified":"2025-08-29T08:59:57","modified_gmt":"2025-08-29T08:59:57","slug":"o-nas","status":"publish","type":"page","link":"https:\/\/przychodnianr4.centrum.med.pl\/?page_id=12","title":{"rendered":"O NAS"},"content":{"rendered":"\n<p><strong>NZOZ Przychodnia Rejonowa Nr 4 Sp\u00f3\u0142ka z ograniczon\u0105 odpowiedzialno\u015bci\u0105<\/strong><\/p>\n\n\n\n<p><strong>Przychodni POZ<\/strong><\/p>\n\n\n\n<p><strong>ul. Parkowa 11, 21-500 Bia\u0142a Podlaska<\/strong><\/p>\n\n\n\n<p><strong>NIP 5372682429 , REGON 528764757 , KRS 0001104180<\/strong><\/p>\n\n\n\n<p><strong>Przychodnia POZ pracuje od poniedzia\u0142ku do pi\u0105tku w godzinach od 8.00 do 18.00<\/strong><\/p>\n\n\n\n<p><strong>Zarz\u0105d: Damian Chaciak- Prezes Zarz\u0105du, Mariusz Zamy\u0142ko &#8211; Wiceprezes Zarz\u0105du<\/strong><\/p>\n\n\n\n<p><strong>BIURO ZARZ\u0104DU:<\/strong><\/p>\n\n\n\n<p><strong>08-110 Siedlce<\/strong><\/p>\n\n\n\n<p><strong>ul. Terespolska 12<\/strong><\/p>\n\n\n\n<p><\/p>\n\n\n\n<p><strong>e mail: damian.chaciak@centrum.med.pl<\/strong><\/p>\n\n\n\n<p><strong>Zapisy pacjent\u00f3w odbywaj\u0105 si\u0119 osobi\u015bcie lub telefonicznie pod numerem: tel. 83 343 26 71<\/strong><\/p>\n\n\n\n<div style=\"height:100px\" aria-hidden=\"true\" class=\"wp-block-spacer\"><\/div>\n\n\n\n<p class=\"has-text-align-right\"><em>Bia\u0142a Podlaska, dnia 29.08.2025 roku<\/em><\/p>\n\n\n\n<p class=\"has-text-align-center\"><strong>NZOZ PRZYCHODNIA REJONOWA NR 4<\/strong><\/p>\n\n\n\n<p class=\"has-text-align-center\"><strong>Sp\u00f3\u0142ka z&nbsp;ograniczon\u0105 odpowiedzialno\u015bci\u0105<\/strong><\/p>\n\n\n\n<p class=\"has-text-align-center\">ul. Parkowa 11, 21-500 Bia\u0142a Podlaska,<\/p>\n\n\n\n<p class=\"has-text-align-center\">KRS 0001104180, REGON: 528764757, NIP: 5372682429<\/p>\n\n\n\n<!--more-->\n\n\n\n<p><\/p>\n\n\n\n<p class=\"has-text-align-center\"><strong><u>ZG\u0141OSZENIE PLANU PO\u0141\u0104CZENIA<\/u><\/strong><\/p>\n\n\n\n<p>Dzia\u0142aj\u0105c w&nbsp;imieniu NZOZ PRZYCHODNIA REJONOWA NR 4Sp. z&nbsp;o.o. z&nbsp;siedzib\u0105 w&nbsp;Bia\u0142ej Podlaskiej na podstawie art. 500 \u00a7 1 w zw. z art. 516 Kodeksu sp\u00f3\u0142ek handlowych niniejszym zg\u0142aszamy w&nbsp;za\u0142\u0105czeniu plan po\u0142\u0105czenia&nbsp;(wraz z&nbsp;za\u0142\u0105cznikami) sp\u00f3\u0142ki NZOZ PRAKTYKA LEKARZA RODZINNEGO PIETRAS JUCHIMIUK Sp\u00f3\u0142ka z&nbsp;ograniczon\u0105 odpowiedzialno\u015bci\u0105 z&nbsp;siedzib\u0105 w&nbsp;Bia\u0142ej Podlaskiej, adres: ul. Parkowa 11, 21-500 Bia\u0142a Podlaska, zarejestrowanej w&nbsp;Rejestrze Przedsi\u0119biorc\u00f3w Krajowego Rejestru S\u0105dowego prowadzonym przez S\u0105d Rejonowy Lublin-Wsch\u00f3d w Lublinie z&nbsp;siedzib\u0105 w \u015awidniku, VI Wydzia\u0142 Gospodarczy Krajowego Rejestru S\u0105dowego pod numerem 0001122868, REGON: 030804086, NIP: 5372029936 ze sp\u00f3\u0142k\u0105 NZOZ PRZYCHODNIA REJONOWA NR 4 Sp\u00f3\u0142ka z&nbsp;ograniczon\u0105 odpowiedzialno\u015bci\u0105 z&nbsp;siedzib\u0105 w&nbsp;Bia\u0142ej Podlaskiej, adres: ul. Parkowa 11, 21-500 Bia\u0142a Podlaska, zarejestrowan\u0105 w&nbsp;Rejestrze Przedsi\u0119biorc\u00f3w Krajowego Rejestru S\u0105dowego prowadzonym przez S\u0105d Rejonowy Lublin-Wsch\u00f3d w&nbsp;Lublinie z siedzib\u0105 w \u015awidniku, VI Wydzia\u0142 Gospodarczy Krajowego Rejestru S\u0105dowego pod numerem 0001104180, REGON: 528764757, NIP: 5372682429 poprzez przeniesienie ca\u0142ego maj\u0105tku sp\u00f3\u0142ki NZOZ PRAKTYKA LEKARZA RODZINNEGO PIETRAS JUCHIMIUK Sp. z&nbsp;o.o. na sp\u00f3\u0142k\u0119 NZOZ PRZYCHODNIA REJONOWA NR 4 Sp. z o.o.<\/p>\n\n\n\n<p>ZARZ\u0104D NZOZ PRZYCHODNIA REJONOWA NR 4SP. Z&nbsp;O.O.:<\/p>\n\n\n\n<div data-wp-interactive=\"core\/file\" class=\"wp-block-file\"><object data-wp-bind--hidden=\"!state.hasPdfPreview\" hidden class=\"wp-block-file__embed\" data=\"https:\/\/przychodnianr4.centrum.med.pl\/wp-content\/uploads\/2025\/08\/Plan-polaczenia-29.08.2025-r-1.pdf\" type=\"application\/pdf\" style=\"width:100%;height:600px\" aria-label=\"Osadzone z Plan po\u0142\u0105czenia 29.08.2025 r..\"><\/object><a id=\"wp-block-file--media-a9139034-250a-4e01-a558-2c9c65b894b5\" href=\"https:\/\/przychodnianr4.centrum.med.pl\/wp-content\/uploads\/2025\/08\/Plan-polaczenia-29.08.2025-r-1.pdf\">Plan po\u0142\u0105czenia 29.08.2025 r.<\/a><a href=\"https:\/\/przychodnianr4.centrum.med.pl\/wp-content\/uploads\/2025\/08\/Plan-polaczenia-29.08.2025-r-1.pdf\" class=\"wp-block-file__button wp-element-button\" download aria-describedby=\"wp-block-file--media-a9139034-250a-4e01-a558-2c9c65b894b5\">Pobierz<\/a><\/div>\n\n\n\n<div data-wp-interactive=\"core\/file\" class=\"wp-block-file\"><object data-wp-bind--hidden=\"!state.hasPdfPreview\" hidden class=\"wp-block-file__embed\" data=\"https:\/\/przychodnianr4.centrum.med.pl\/wp-content\/uploads\/2025\/08\/Zalacznik-nr-2-29.08.2025-r.pdf\" type=\"application\/pdf\" style=\"width:100%;height:600px\" aria-label=\"Osadzone z Za\u0142\u0105cznik nr 2 29.08.2025 r..\"><\/object><a id=\"wp-block-file--media-9cb320e1-1cb9-4bf4-a052-f43dfedb37d7\" href=\"https:\/\/przychodnianr4.centrum.med.pl\/wp-content\/uploads\/2025\/08\/Zalacznik-nr-2-29.08.2025-r.pdf\">Za\u0142\u0105cznik nr 2 29.08.2025 r.<\/a><a href=\"https:\/\/przychodnianr4.centrum.med.pl\/wp-content\/uploads\/2025\/08\/Zalacznik-nr-2-29.08.2025-r.pdf\" class=\"wp-block-file__button wp-element-button\" download aria-describedby=\"wp-block-file--media-9cb320e1-1cb9-4bf4-a052-f43dfedb37d7\">Pobierz<\/a><\/div>\n\n\n\n<div data-wp-interactive=\"core\/file\" class=\"wp-block-file\"><object data-wp-bind--hidden=\"!state.hasPdfPreview\" hidden class=\"wp-block-file__embed\" data=\"https:\/\/przychodnianr4.centrum.med.pl\/wp-content\/uploads\/2025\/08\/Zalacznik-nr-3-29.08.2025-r.pdf\" type=\"application\/pdf\" style=\"width:100%;height:600px\" aria-label=\"Osadzone z Za\u0142\u0105cznik nr 3 29.08.2025 r..\"><\/object><a id=\"wp-block-file--media-94410cff-2964-4c15-9179-4ec5555e0e6b\" href=\"https:\/\/przychodnianr4.centrum.med.pl\/wp-content\/uploads\/2025\/08\/Zalacznik-nr-3-29.08.2025-r.pdf\">Za\u0142\u0105cznik nr 3 29.08.2025 r.<\/a><a href=\"https:\/\/przychodnianr4.centrum.med.pl\/wp-content\/uploads\/2025\/08\/Zalacznik-nr-3-29.08.2025-r.pdf\" class=\"wp-block-file__button wp-element-button\" download aria-describedby=\"wp-block-file--media-94410cff-2964-4c15-9179-4ec5555e0e6b\">Pobierz<\/a><\/div>\n\n\n\n<div data-wp-interactive=\"core\/file\" class=\"wp-block-file\"><object data-wp-bind--hidden=\"!state.hasPdfPreview\" hidden class=\"wp-block-file__embed\" data=\"https:\/\/przychodnianr4.centrum.med.pl\/wp-content\/uploads\/2025\/08\/Zalacznik-nr-4-29.08.2025-r.pdf\" type=\"application\/pdf\" style=\"width:100%;height:600px\" aria-label=\"Osadzone z Za\u0142\u0105cznik nr 4 29.08.2025 r..\"><\/object><a id=\"wp-block-file--media-a62d8bc9-594d-41ae-bd7c-3a30a7d181fc\" href=\"https:\/\/przychodnianr4.centrum.med.pl\/wp-content\/uploads\/2025\/08\/Zalacznik-nr-4-29.08.2025-r.pdf\">Za\u0142\u0105cznik nr 4 29.08.2025 r.<\/a><a href=\"https:\/\/przychodnianr4.centrum.med.pl\/wp-content\/uploads\/2025\/08\/Zalacznik-nr-4-29.08.2025-r.pdf\" class=\"wp-block-file__button wp-element-button\" download aria-describedby=\"wp-block-file--media-a62d8bc9-594d-41ae-bd7c-3a30a7d181fc\">Pobierz<\/a><\/div>\n\n\n\n<div data-wp-interactive=\"core\/file\" class=\"wp-block-file\"><object data-wp-bind--hidden=\"!state.hasPdfPreview\" hidden class=\"wp-block-file__embed\" data=\"https:\/\/przychodnianr4.centrum.med.pl\/wp-content\/uploads\/2025\/08\/Zawiadomienie-Biala4-29.08.2025-r.pdf\" type=\"application\/pdf\" style=\"width:100%;height:600px\" aria-label=\"Osadzone z Zawiadomienie Bia\u0142a4 29.08.2025 r..\"><\/object><a id=\"wp-block-file--media-f611bc3c-1a50-4a6e-9b83-1f65d340bc4d\" href=\"https:\/\/przychodnianr4.centrum.med.pl\/wp-content\/uploads\/2025\/08\/Zawiadomienie-Biala4-29.08.2025-r.pdf\">Zawiadomienie Bia\u0142a4 29.08.2025 r.<\/a><a href=\"https:\/\/przychodnianr4.centrum.med.pl\/wp-content\/uploads\/2025\/08\/Zawiadomienie-Biala4-29.08.2025-r.pdf\" class=\"wp-block-file__button wp-element-button\" download aria-describedby=\"wp-block-file--media-f611bc3c-1a50-4a6e-9b83-1f65d340bc4d\">Pobierz<\/a><\/div>\n\n\n\n<div data-wp-interactive=\"core\/file\" class=\"wp-block-file\"><object data-wp-bind--hidden=\"!state.hasPdfPreview\" hidden class=\"wp-block-file__embed\" data=\"https:\/\/przychodnianr4.centrum.med.pl\/wp-content\/uploads\/2025\/08\/Zgoda-centrum-29.08.2025-r.pdf\" type=\"application\/pdf\" style=\"width:100%;height:600px\" aria-label=\"Osadzone z Zgoda centrum 29.08.2025 r..\"><\/object><a id=\"wp-block-file--media-67042ef9-ad7a-4f70-b98d-ffbf998b54a9\" href=\"https:\/\/przychodnianr4.centrum.med.pl\/wp-content\/uploads\/2025\/08\/Zgoda-centrum-29.08.2025-r.pdf\">Zgoda centrum 29.08.2025 r.<\/a><a href=\"https:\/\/przychodnianr4.centrum.med.pl\/wp-content\/uploads\/2025\/08\/Zgoda-centrum-29.08.2025-r.pdf\" class=\"wp-block-file__button wp-element-button\" download aria-describedby=\"wp-block-file--media-67042ef9-ad7a-4f70-b98d-ffbf998b54a9\">Pobierz<\/a><\/div>\n\n\n\n<div data-wp-interactive=\"core\/file\" class=\"wp-block-file\"><object data-wp-bind--hidden=\"!state.hasPdfPreview\" hidden class=\"wp-block-file__embed\" data=\"https:\/\/przychodnianr4.centrum.med.pl\/wp-content\/uploads\/2025\/08\/Sprawozdanie-Finansowe-NZOZ-PRnr4-Biala-28.08.2025.pdf\" type=\"application\/pdf\" style=\"width:100%;height:600px\" aria-label=\"Osadzone z Sprawozdanie Finansowe NZOZ PRnr4 Bia\u0142a 28.08.2025.\"><\/object><a id=\"wp-block-file--media-3a39e735-d056-4679-948f-b3e375257558\" href=\"https:\/\/przychodnianr4.centrum.med.pl\/wp-content\/uploads\/2025\/08\/Sprawozdanie-Finansowe-NZOZ-PRnr4-Biala-28.08.2025.pdf\">Sprawozdanie Finansowe NZOZ PRnr4 Bia\u0142a 28.08.2025<\/a><a href=\"https:\/\/przychodnianr4.centrum.med.pl\/wp-content\/uploads\/2025\/08\/Sprawozdanie-Finansowe-NZOZ-PRnr4-Biala-28.08.2025.pdf\" class=\"wp-block-file__button wp-element-button\" download aria-describedby=\"wp-block-file--media-3a39e735-d056-4679-948f-b3e375257558\">Pobierz<\/a><\/div>\n\n\n\n<div data-wp-interactive=\"core\/file\" class=\"wp-block-file\"><object data-wp-bind--hidden=\"!state.hasPdfPreview\" hidden class=\"wp-block-file__embed\" data=\"https:\/\/przychodnianr4.centrum.med.pl\/wp-content\/uploads\/2025\/08\/sprawozdanie-z-dzialalnosci-Przychodnia-Rejonowa-Nr-4-WER3-DCH.pdf.pdf\" type=\"application\/pdf\" style=\"width:100%;height:600px\" aria-label=\"Osadzone z sprawozdanie z dzia\u0142alno\u015bci Przychodnia Rejonowa Nr 4 - WER3 DCH.pdf.\"><\/object><a id=\"wp-block-file--media-b8946ca7-8833-41f6-b79c-82f32824a862\" href=\"https:\/\/przychodnianr4.centrum.med.pl\/wp-content\/uploads\/2025\/08\/sprawozdanie-z-dzialalnosci-Przychodnia-Rejonowa-Nr-4-WER3-DCH.pdf.pdf\">sprawozdanie z dzia\u0142alno\u015bci Przychodnia Rejonowa Nr 4 &#8211; WER3 DCH.pdf<\/a><a href=\"https:\/\/przychodnianr4.centrum.med.pl\/wp-content\/uploads\/2025\/08\/sprawozdanie-z-dzialalnosci-Przychodnia-Rejonowa-Nr-4-WER3-DCH.pdf.pdf\" class=\"wp-block-file__button wp-element-button\" download aria-describedby=\"wp-block-file--media-b8946ca7-8833-41f6-b79c-82f32824a862\">Pobierz<\/a><\/div>\n\n\n\n<div data-wp-interactive=\"core\/file\" class=\"wp-block-file\"><object data-wp-bind--hidden=\"!state.hasPdfPreview\" hidden class=\"wp-block-file__embed\" data=\"https:\/\/przychodnianr4.centrum.med.pl\/wp-content\/uploads\/2025\/08\/Sprawozdanie-Finansowe-PLR-Pietras-Juchimiuk-Biala-28.08.2025.pdf\" type=\"application\/pdf\" style=\"width:100%;height:600px\" aria-label=\"Osadzone z Sprawozdanie Finansowe PLR Pietras Juchimiuk Bia\u0142a 28.08.2025.\"><\/object><a id=\"wp-block-file--media-af278e0e-79e3-4175-a432-b682210bbc81\" href=\"https:\/\/przychodnianr4.centrum.med.pl\/wp-content\/uploads\/2025\/08\/Sprawozdanie-Finansowe-PLR-Pietras-Juchimiuk-Biala-28.08.2025.pdf\">Sprawozdanie Finansowe PLR Pietras Juchimiuk Bia\u0142a 28.08.2025<\/a><a href=\"https:\/\/przychodnianr4.centrum.med.pl\/wp-content\/uploads\/2025\/08\/Sprawozdanie-Finansowe-PLR-Pietras-Juchimiuk-Biala-28.08.2025.pdf\" class=\"wp-block-file__button wp-element-button\" download aria-describedby=\"wp-block-file--media-af278e0e-79e3-4175-a432-b682210bbc81\">Pobierz<\/a><\/div>\n\n\n\n<div data-wp-interactive=\"core\/file\" class=\"wp-block-file\"><object data-wp-bind--hidden=\"!state.hasPdfPreview\" hidden class=\"wp-block-file__embed\" data=\"https:\/\/przychodnianr4.centrum.med.pl\/wp-content\/uploads\/2025\/08\/Sprawozdanie-z-dzialalnosci-PIETRAS-JUCHIMIUK-26.06.25-DCH-MK.pdf.pdf\" type=\"application\/pdf\" style=\"width:100%;height:600px\" aria-label=\"Osadzone z Sprawozdanie z dzia\u0142alno\u015bci PIETRAS JUCHIMIUK 26.06.25 DCH MK.pdf.\"><\/object><a id=\"wp-block-file--media-a1ad578c-ec68-4911-aa41-1dfc1991d5fc\" href=\"https:\/\/przychodnianr4.centrum.med.pl\/wp-content\/uploads\/2025\/08\/Sprawozdanie-z-dzialalnosci-PIETRAS-JUCHIMIUK-26.06.25-DCH-MK.pdf.pdf\">Sprawozdanie z dzia\u0142alno\u015bci PIETRAS JUCHIMIUK 26.06.25 DCH MK.pdf<\/a><a href=\"https:\/\/przychodnianr4.centrum.med.pl\/wp-content\/uploads\/2025\/08\/Sprawozdanie-z-dzialalnosci-PIETRAS-JUCHIMIUK-26.06.25-DCH-MK.pdf.pdf\" class=\"wp-block-file__button wp-element-button\" download aria-describedby=\"wp-block-file--media-a1ad578c-ec68-4911-aa41-1dfc1991d5fc\">Pobierz<\/a><\/div>\n","protected":false},"excerpt":{"rendered":"<p>NZOZ Przychodnia Rejonowa Nr 4 Sp\u00f3\u0142ka z ograniczon\u0105 odpowiedzialno\u015bci\u0105 Przychodni POZ ul. Parkowa 11, 21-500 Bia\u0142a Podlaska NIP 5372682429 , REGON 528764757 , KRS 0001104180 Przychodnia POZ pracuje od poniedzia\u0142ku do pi\u0105tku w godzinach od 8.00 do 18.00 Zarz\u0105d: Damian Chaciak- Prezes Zarz\u0105du, Mariusz Zamy\u0142ko &#8211; Wiceprezes Zarz\u0105du BIURO ZARZ\u0104DU: 08-110 Siedlce ul. Terespolska 12 e mail: damian.chaciak@centrum.med.pl Zapisy pacjent\u00f3w<\/p>\n<p><a href=\"https:\/\/przychodnianr4.centrum.med.pl\/?page_id=12\" class=\"more-link\">Wi\u0119cej<span class=\"screen-reader-text\">O NAS<\/span><\/a><\/p>\n","protected":false},"author":1,"featured_media":0,"parent":0,"menu_order":0,"comment_status":"closed","ping_status":"closed","template":"","meta":{"footnotes":""},"class_list":["post-12","page","type-page","status-publish","hentry"],"yoast_head":"<!-- This site is optimized with the Yoast SEO plugin v27.5 - https:\/\/yoast.com\/product\/yoast-seo-wordpress\/ -->\n<title>O NAS - NZOZ Przychodnia Rejonowa Nr 4<\/title>\n<meta name=\"description\" content=\"Dane sp\u00f3\u0142ki\" \/>\n<meta name=\"robots\" content=\"index, follow, max-snippet:-1, max-image-preview:large, max-video-preview:-1\" \/>\n<link rel=\"canonical\" href=\"https:\/\/przychodnianr4.centrum.med.pl\/?page_id=12\" \/>\n<meta property=\"og:locale\" content=\"pl_PL\" \/>\n<meta property=\"og:type\" content=\"article\" \/>\n<meta property=\"og:title\" content=\"O NAS - NZOZ Przychodnia Rejonowa Nr 4\" \/>\n<meta property=\"og:description\" content=\"Dane sp\u00f3\u0142ki\" \/>\n<meta property=\"og:url\" content=\"https:\/\/przychodnianr4.centrum.med.pl\/?page_id=12\" \/>\n<meta property=\"og:site_name\" content=\"NZOZ Przychodnia Rejonowa Nr 4\" \/>\n<meta property=\"article:modified_time\" content=\"2025-08-29T08:59:57+00:00\" \/>\n<meta name=\"twitter:card\" content=\"summary_large_image\" \/>\n<meta name=\"twitter:label1\" content=\"Szacowany czas czytania\" \/>\n\t<meta name=\"twitter:data1\" content=\"3 minuty\" \/>\n<script type=\"application\/ld+json\" class=\"yoast-schema-graph\">{\"@context\":\"https:\\\/\\\/schema.org\",\"@graph\":[{\"@type\":\"WebPage\",\"@id\":\"https:\\\/\\\/przychodnianr4.centrum.med.pl\\\/?page_id=12\",\"url\":\"https:\\\/\\\/przychodnianr4.centrum.med.pl\\\/?page_id=12\",\"name\":\"O NAS - NZOZ Przychodnia Rejonowa Nr 4\",\"isPartOf\":{\"@id\":\"https:\\\/\\\/przychodnianr4.centrum.med.pl\\\/#website\"},\"datePublished\":\"2025-01-21T13:26:29+00:00\",\"dateModified\":\"2025-08-29T08:59:57+00:00\",\"description\":\"Dane sp\u00f3\u0142ki\",\"breadcrumb\":{\"@id\":\"https:\\\/\\\/przychodnianr4.centrum.med.pl\\\/?page_id=12#breadcrumb\"},\"inLanguage\":\"pl-PL\",\"potentialAction\":[{\"@type\":\"ReadAction\",\"target\":[\"https:\\\/\\\/przychodnianr4.centrum.med.pl\\\/?page_id=12\"]}]},{\"@type\":\"BreadcrumbList\",\"@id\":\"https:\\\/\\\/przychodnianr4.centrum.med.pl\\\/?page_id=12#breadcrumb\",\"itemListElement\":[{\"@type\":\"ListItem\",\"position\":1,\"name\":\"Strona g\u0142\u00f3wna\",\"item\":\"https:\\\/\\\/przychodnianr4.centrum.med.pl\\\/\"},{\"@type\":\"ListItem\",\"position\":2,\"name\":\"O NAS\"}]},{\"@type\":\"WebSite\",\"@id\":\"https:\\\/\\\/przychodnianr4.centrum.med.pl\\\/#website\",\"url\":\"https:\\\/\\\/przychodnianr4.centrum.med.pl\\\/\",\"name\":\"NZOZ Przychodnia Rejonowa Nr 4\",\"description\":\"w Bia\u0142ej Podlaskiej\",\"potentialAction\":[{\"@type\":\"SearchAction\",\"target\":{\"@type\":\"EntryPoint\",\"urlTemplate\":\"https:\\\/\\\/przychodnianr4.centrum.med.pl\\\/?s={search_term_string}\"},\"query-input\":{\"@type\":\"PropertyValueSpecification\",\"valueRequired\":true,\"valueName\":\"search_term_string\"}}],\"inLanguage\":\"pl-PL\"}]}<\/script>\n<!-- \/ Yoast SEO plugin. -->","yoast_head_json":{"title":"O NAS - NZOZ Przychodnia Rejonowa Nr 4","description":"Dane sp\u00f3\u0142ki","robots":{"index":"index","follow":"follow","max-snippet":"max-snippet:-1","max-image-preview":"max-image-preview:large","max-video-preview":"max-video-preview:-1"},"canonical":"https:\/\/przychodnianr4.centrum.med.pl\/?page_id=12","og_locale":"pl_PL","og_type":"article","og_title":"O NAS - NZOZ Przychodnia Rejonowa Nr 4","og_description":"Dane sp\u00f3\u0142ki","og_url":"https:\/\/przychodnianr4.centrum.med.pl\/?page_id=12","og_site_name":"NZOZ Przychodnia Rejonowa Nr 4","article_modified_time":"2025-08-29T08:59:57+00:00","twitter_card":"summary_large_image","twitter_misc":{"Szacowany czas czytania":"3 minuty"},"schema":{"@context":"https:\/\/schema.org","@graph":[{"@type":"WebPage","@id":"https:\/\/przychodnianr4.centrum.med.pl\/?page_id=12","url":"https:\/\/przychodnianr4.centrum.med.pl\/?page_id=12","name":"O NAS - NZOZ Przychodnia Rejonowa Nr 4","isPartOf":{"@id":"https:\/\/przychodnianr4.centrum.med.pl\/#website"},"datePublished":"2025-01-21T13:26:29+00:00","dateModified":"2025-08-29T08:59:57+00:00","description":"Dane sp\u00f3\u0142ki","breadcrumb":{"@id":"https:\/\/przychodnianr4.centrum.med.pl\/?page_id=12#breadcrumb"},"inLanguage":"pl-PL","potentialAction":[{"@type":"ReadAction","target":["https:\/\/przychodnianr4.centrum.med.pl\/?page_id=12"]}]},{"@type":"BreadcrumbList","@id":"https:\/\/przychodnianr4.centrum.med.pl\/?page_id=12#breadcrumb","itemListElement":[{"@type":"ListItem","position":1,"name":"Strona g\u0142\u00f3wna","item":"https:\/\/przychodnianr4.centrum.med.pl\/"},{"@type":"ListItem","position":2,"name":"O NAS"}]},{"@type":"WebSite","@id":"https:\/\/przychodnianr4.centrum.med.pl\/#website","url":"https:\/\/przychodnianr4.centrum.med.pl\/","name":"NZOZ Przychodnia Rejonowa Nr 4","description":"w Bia\u0142ej Podlaskiej","potentialAction":[{"@type":"SearchAction","target":{"@type":"EntryPoint","urlTemplate":"https:\/\/przychodnianr4.centrum.med.pl\/?s={search_term_string}"},"query-input":{"@type":"PropertyValueSpecification","valueRequired":true,"valueName":"search_term_string"}}],"inLanguage":"pl-PL"}]}},"_links":{"self":[{"href":"https:\/\/przychodnianr4.centrum.med.pl\/index.php?rest_route=\/wp\/v2\/pages\/12","targetHints":{"allow":["GET"]}}],"collection":[{"href":"https:\/\/przychodnianr4.centrum.med.pl\/index.php?rest_route=\/wp\/v2\/pages"}],"about":[{"href":"https:\/\/przychodnianr4.centrum.med.pl\/index.php?rest_route=\/wp\/v2\/types\/page"}],"author":[{"embeddable":true,"href":"https:\/\/przychodnianr4.centrum.med.pl\/index.php?rest_route=\/wp\/v2\/users\/1"}],"replies":[{"embeddable":true,"href":"https:\/\/przychodnianr4.centrum.med.pl\/index.php?rest_route=%2Fwp%2Fv2%2Fcomments&post=12"}],"version-history":[{"count":8,"href":"https:\/\/przychodnianr4.centrum.med.pl\/index.php?rest_route=\/wp\/v2\/pages\/12\/revisions"}],"predecessor-version":[{"id":101,"href":"https:\/\/przychodnianr4.centrum.med.pl\/index.php?rest_route=\/wp\/v2\/pages\/12\/revisions\/101"}],"wp:attachment":[{"href":"https:\/\/przychodnianr4.centrum.med.pl\/index.php?rest_route=%2Fwp%2Fv2%2Fmedia&parent=12"}],"curies":[{"name":"wp","href":"https:\/\/api.w.org\/{rel}","templated":true}]}}