{"id":2,"date":"2025-01-21T13:09:03","date_gmt":"2025-01-21T13:09:03","guid":{"rendered":"https:\/\/przychodnianr4.centrum.med.pl\/?page_id=2"},"modified":"2026-02-09T08:41:01","modified_gmt":"2026-02-09T08:41:01","slug":"sample-page","status":"publish","type":"page","link":"https:\/\/przychodnianr4.centrum.med.pl\/?page_id=2","title":{"rendered":"Zapisy"},"content":{"rendered":"\t\t<div data-elementor-type=\"wp-page\" data-elementor-id=\"2\" class=\"elementor elementor-2\">\n\t\t\t\t<div class=\"elementor-element elementor-element-5f2f0ce4 e-flex e-con-boxed e-con e-parent\" data-id=\"5f2f0ce4\" data-element_type=\"container\" data-e-type=\"container\">\n\t\t\t\t\t<div class=\"e-con-inner\">\n\t\t<div class=\"elementor-element elementor-element-fba26ad e-con-full e-flex e-con e-child\" data-id=\"fba26ad\" data-element_type=\"container\" data-e-type=\"container\">\n\t\t\t\t<div class=\"elementor-element elementor-element-7a74499e elementor-widget elementor-widget-text-editor\" data-id=\"7a74499e\" data-element_type=\"widget\" data-e-type=\"widget\" data-widget_type=\"text-editor.default\">\n\t\t\t\t\t\t\t\t\t\n<p><br \/><strong>Zapisy pacjent\u00f3w odbywaj\u0105 si\u0119 osobi\u015bcie lub telefonicznie pod numerem: +48 513 062 125<\/strong><\/p>\n\t\t\t\t\t\t\t\t<\/div>\n\t\t\t\t<\/div>\n\t\t\t\t\t<\/div>\n\t\t\t\t<\/div>\n\t\t\t\t<\/div>\n\t\t","protected":false},"excerpt":{"rendered":"<p>Zapisy pacjent\u00f3w odbywaj\u0105 si\u0119 osobi\u015bcie lub telefonicznie pod numerem: +48 513 062 125<\/p>\n","protected":false},"author":1,"featured_media":0,"parent":0,"menu_order":0,"comment_status":"closed","ping_status":"open","template":"","meta":{"footnotes":""},"class_list":["post-2","page","type-page","status-publish","hentry"],"yoast_head":"<!-- This site is optimized with the Yoast SEO plugin v27.5 - https:\/\/yoast.com\/product\/yoast-seo-wordpress\/ -->\n<title>Zapisy - NZOZ Przychodnia Rejonowa Nr 4<\/title>\n<meta name=\"robots\" content=\"index, follow, max-snippet:-1, max-image-preview:large, max-video-preview:-1\" \/>\n<link rel=\"canonical\" href=\"https:\/\/przychodnianr4.centrum.med.pl\/?page_id=2\" \/>\n<meta property=\"og:locale\" content=\"pl_PL\" \/>\n<meta property=\"og:type\" content=\"article\" \/>\n<meta property=\"og:title\" content=\"Zapisy - NZOZ Przychodnia Rejonowa Nr 4\" \/>\n<meta property=\"og:description\" content=\"Zapisy pacjent\u00f3w odbywaj\u0105 si\u0119 osobi\u015bcie lub telefonicznie pod numerem: +48 513 062 125\" \/>\n<meta property=\"og:url\" content=\"https:\/\/przychodnianr4.centrum.med.pl\/?page_id=2\" \/>\n<meta property=\"og:site_name\" content=\"NZOZ Przychodnia Rejonowa Nr 4\" \/>\n<meta property=\"article:modified_time\" content=\"2026-02-09T08:41:01+00:00\" \/>\n<meta name=\"twitter:card\" content=\"summary_large_image\" \/>\n<meta name=\"twitter:label1\" content=\"Szacowany czas czytania\" \/>\n\t<meta name=\"twitter:data1\" content=\"1 minuta\" \/>\n<script type=\"application\/ld+json\" class=\"yoast-schema-graph\">{\"@context\":\"https:\\\/\\\/schema.org\",\"@graph\":[{\"@type\":\"WebPage\",\"@id\":\"https:\\\/\\\/przychodnianr4.centrum.med.pl\\\/?page_id=2\",\"url\":\"https:\\\/\\\/przychodnianr4.centrum.med.pl\\\/?page_id=2\",\"name\":\"Zapisy - NZOZ Przychodnia Rejonowa Nr 4\",\"isPartOf\":{\"@id\":\"https:\\\/\\\/przychodnianr4.centrum.med.pl\\\/#website\"},\"datePublished\":\"2025-01-21T13:09:03+00:00\",\"dateModified\":\"2026-02-09T08:41:01+00:00\",\"breadcrumb\":{\"@id\":\"https:\\\/\\\/przychodnianr4.centrum.med.pl\\\/?page_id=2#breadcrumb\"},\"inLanguage\":\"pl-PL\",\"potentialAction\":[{\"@type\":\"ReadAction\",\"target\":[\"https:\\\/\\\/przychodnianr4.centrum.med.pl\\\/?page_id=2\"]}]},{\"@type\":\"BreadcrumbList\",\"@id\":\"https:\\\/\\\/przychodnianr4.centrum.med.pl\\\/?page_id=2#breadcrumb\",\"itemListElement\":[{\"@type\":\"ListItem\",\"position\":1,\"name\":\"Strona g\u0142\u00f3wna\",\"item\":\"https:\\\/\\\/przychodnianr4.centrum.med.pl\\\/\"},{\"@type\":\"ListItem\",\"position\":2,\"name\":\"Zapisy\"}]},{\"@type\":\"WebSite\",\"@id\":\"https:\\\/\\\/przychodnianr4.centrum.med.pl\\\/#website\",\"url\":\"https:\\\/\\\/przychodnianr4.centrum.med.pl\\\/\",\"name\":\"NZOZ Przychodnia Rejonowa Nr 4\",\"description\":\"w Bia\u0142ej Podlaskiej\",\"potentialAction\":[{\"@type\":\"SearchAction\",\"target\":{\"@type\":\"EntryPoint\",\"urlTemplate\":\"https:\\\/\\\/przychodnianr4.centrum.med.pl\\\/?s={search_term_string}\"},\"query-input\":{\"@type\":\"PropertyValueSpecification\",\"valueRequired\":true,\"valueName\":\"search_term_string\"}}],\"inLanguage\":\"pl-PL\"}]}<\/script>\n<!-- \/ Yoast SEO plugin. -->","yoast_head_json":{"title":"Zapisy - NZOZ Przychodnia Rejonowa Nr 4","robots":{"index":"index","follow":"follow","max-snippet":"max-snippet:-1","max-image-preview":"max-image-preview:large","max-video-preview":"max-video-preview:-1"},"canonical":"https:\/\/przychodnianr4.centrum.med.pl\/?page_id=2","og_locale":"pl_PL","og_type":"article","og_title":"Zapisy - NZOZ Przychodnia Rejonowa Nr 4","og_description":"Zapisy pacjent\u00f3w odbywaj\u0105 si\u0119 osobi\u015bcie lub telefonicznie pod numerem: +48 513 062 125","og_url":"https:\/\/przychodnianr4.centrum.med.pl\/?page_id=2","og_site_name":"NZOZ Przychodnia Rejonowa Nr 4","article_modified_time":"2026-02-09T08:41:01+00:00","twitter_card":"summary_large_image","twitter_misc":{"Szacowany czas czytania":"1 minuta"},"schema":{"@context":"https:\/\/schema.org","@graph":[{"@type":"WebPage","@id":"https:\/\/przychodnianr4.centrum.med.pl\/?page_id=2","url":"https:\/\/przychodnianr4.centrum.med.pl\/?page_id=2","name":"Zapisy - NZOZ Przychodnia Rejonowa Nr 4","isPartOf":{"@id":"https:\/\/przychodnianr4.centrum.med.pl\/#website"},"datePublished":"2025-01-21T13:09:03+00:00","dateModified":"2026-02-09T08:41:01+00:00","breadcrumb":{"@id":"https:\/\/przychodnianr4.centrum.med.pl\/?page_id=2#breadcrumb"},"inLanguage":"pl-PL","potentialAction":[{"@type":"ReadAction","target":["https:\/\/przychodnianr4.centrum.med.pl\/?page_id=2"]}]},{"@type":"BreadcrumbList","@id":"https:\/\/przychodnianr4.centrum.med.pl\/?page_id=2#breadcrumb","itemListElement":[{"@type":"ListItem","position":1,"name":"Strona g\u0142\u00f3wna","item":"https:\/\/przychodnianr4.centrum.med.pl\/"},{"@type":"ListItem","position":2,"name":"Zapisy"}]},{"@type":"WebSite","@id":"https:\/\/przychodnianr4.centrum.med.pl\/#website","url":"https:\/\/przychodnianr4.centrum.med.pl\/","name":"NZOZ Przychodnia Rejonowa Nr 4","description":"w Bia\u0142ej Podlaskiej","potentialAction":[{"@type":"SearchAction","target":{"@type":"EntryPoint","urlTemplate":"https:\/\/przychodnianr4.centrum.med.pl\/?s={search_term_string}"},"query-input":{"@type":"PropertyValueSpecification","valueRequired":true,"valueName":"search_term_string"}}],"inLanguage":"pl-PL"}]}},"_links":{"self":[{"href":"https:\/\/przychodnianr4.centrum.med.pl\/index.php?rest_route=\/wp\/v2\/pages\/2","targetHints":{"allow":["GET"]}}],"collection":[{"href":"https:\/\/przychodnianr4.centrum.med.pl\/index.php?rest_route=\/wp\/v2\/pages"}],"about":[{"href":"https:\/\/przychodnianr4.centrum.med.pl\/index.php?rest_route=\/wp\/v2\/types\/page"}],"author":[{"embeddable":true,"href":"https:\/\/przychodnianr4.centrum.med.pl\/index.php?rest_route=\/wp\/v2\/users\/1"}],"replies":[{"embeddable":true,"href":"https:\/\/przychodnianr4.centrum.med.pl\/index.php?rest_route=%2Fwp%2Fv2%2Fcomments&post=2"}],"version-history":[{"count":5,"href":"https:\/\/przychodnianr4.centrum.med.pl\/index.php?rest_route=\/wp\/v2\/pages\/2\/revisions"}],"predecessor-version":[{"id":104,"href":"https:\/\/przychodnianr4.centrum.med.pl\/index.php?rest_route=\/wp\/v2\/pages\/2\/revisions\/104"}],"wp:attachment":[{"href":"https:\/\/przychodnianr4.centrum.med.pl\/index.php?rest_route=%2Fwp%2Fv2%2Fmedia&parent=2"}],"curies":[{"name":"wp","href":"https:\/\/api.w.org\/{rel}","templated":true}]}}